{"id":425,"date":"2022-08-20T06:55:01","date_gmt":"2022-08-20T06:55:01","guid":{"rendered":"https:\/\/ama-rentacar.ro\/?page_id=425"},"modified":"2022-08-20T06:55:01","modified_gmt":"2022-08-20T06:55:01","slug":"masina-pentru-vacanta","status":"publish","type":"page","link":"https:\/\/ama-rentacar.ro\/en\/masina-pentru-vacanta\/","title":{"rendered":"Why rent a car when you go on holiday?"},"content":{"rendered":"<p><span style=\"font-weight: 400;\">You've been meaning to go on a family holiday but don't have a car or don't want to use your own. Or you can't and have to go because you booked a long time ago.\u00a0<\/span><\/p>\n<p><span style=\"font-weight: 400;\">You have a lot to plan before you go on holiday:<\/span><\/p>\n<ul>\n<li style=\"font-weight: 400;\" aria-level=\"1\"><span style=\"font-weight: 400;\">map out and schedule activities or sights you want to visit with your family;<\/span><\/li>\n<li style=\"font-weight: 400;\" aria-level=\"1\"><span style=\"font-weight: 400;\">the clothes you will wear, etc;<\/span><\/li>\n<li style=\"font-weight: 400;\" aria-level=\"1\"><span style=\"font-weight: 400;\">car care, which can be stressful.\u00a0<\/span><\/li>\n<\/ul>\n<p><span style=\"font-weight: 400;\">Have you considered renting a car? It could be the perfect choice, especially if you're not very good with time or are too worried that something might happen.<\/span><\/p>\n<p><span style=\"font-weight: 400;\">In recent years, car rental services have multiplied and the quality and variety has improved in a way that continues to amaze.\u00a0<\/span><\/p>\n<p><img fetchpriority=\"high\" decoding=\"async\" class=\"wp-image-315 aligncenter\" src=\"https:\/\/ama-rentacar.ro\/wp-content\/uploads\/2021\/10\/ama-rent-a-car-inchirieri-auto-termen-lung-300x209.jpg\" alt=\"ama-rent-a-car-inchirieri-auto-termen-lung\" width=\"349\" height=\"243\" srcset=\"https:\/\/ama-rentacar.ro\/wp-content\/uploads\/2021\/10\/ama-rent-a-car-inchirieri-auto-termen-lung-300x209.jpg 300w, https:\/\/ama-rentacar.ro\/wp-content\/uploads\/2021\/10\/ama-rent-a-car-inchirieri-auto-termen-lung-768x535.jpg 768w, https:\/\/ama-rentacar.ro\/wp-content\/uploads\/2021\/10\/ama-rent-a-car-inchirieri-auto-termen-lung.jpg 800w\" sizes=\"(max-width: 349px) 100vw, 349px\" \/><\/p>\n<p><span style=\"font-weight: 400;\">Car rental service has been on an upward trend and that can be a good thing because it can be a savings to your budget.\u00a0<\/span><\/p>\n<h2><span style=\"font-weight: 400;\">Why it's more beneficial to rent a car when you go on holiday<\/span><\/h2>\n<p><span style=\"font-weight: 400;\">Yes, that's true, <a href=\"https:\/\/ama-rentacar.ro\/en\/rent-a-car-bucuresti\/\">car rental Bucharest<\/a> may be a relatively high cost compared to driving your own car, but it's worth really analysing the pros and cons of the two options.\u00a0<\/span><\/p>\n<ul>\n<li aria-level=\"1\"><b>Forget about repairs<\/b><\/li>\n<\/ul>\n<p><span style=\"font-weight: 400;\">In the case of a personally-owned car, before you go on holiday you need to check several items, such as oil, brakes, tyres, but in the case of renting a car you don't have such worries, which, let's face it, take up your time. This way you can avoid wear and tear on your own car, especially if you'll be driving quite a distance.<\/span><\/p>\n<ul>\n<li aria-level=\"1\"><b>Many family members?<\/b><\/li>\n<\/ul>\n<p><span style=\"font-weight: 400;\">Maybe your car isn't so spacious if your family is large. So you can rent a car that suits your family's needs. Space is very important, both for passengers and for the luggage you'll all be taking.<\/span><\/p>\n<ul>\n<li aria-level=\"1\"><b>Without too much stress<\/b><\/li>\n<\/ul>\n<p><span style=\"font-weight: 400;\">If it is stolen (it doesn't happen often, but it does happen) you will need to deal with this in detail if it is your car. On the other hand, if the car is rented, the rental company will take care of it.<\/span><\/p>\n<ul>\n<li aria-level=\"1\"><b>Your car is not reliable enough\u00a0<\/b><\/li>\n<\/ul>\n<p><span style=\"font-weight: 400;\">If you know your car won't last the long haul, then it's best to rent a car. Imagine something happens along the way and you may have to cancel your holiday. You wouldn't like that.<\/span><\/p>\n<ul>\n<li aria-level=\"1\"><b>Want to drive something new\u00a0<\/b><\/li>\n<\/ul>\n<p><span style=\"font-weight: 400;\">Maybe you've been thinking for a while about buying a car or replacing the one you have now. A road trip could be the perfect time to test drive your dream car.\u00a0<\/span><\/p>\n<p><span style=\"font-weight: 400;\">The long road ahead will help you see if the car you want meets all your requirements. And then a holiday will answer those questions.\u00a0<\/span><\/p>\n<ul>\n<li aria-level=\"1\"><b>The route on which you will travel<\/b><\/li>\n<\/ul>\n<p><span style=\"font-weight: 400;\">If you have chosen to go mountain hiking and your car is not a suitable one, then clearly you need to resort to renting a car, of course, that is unless you turn to friends who have cars suitable for this type of trails.<\/span><\/p>\n<p><span style=\"font-weight: 400;\">It's good to weigh carefully before you go on holiday. A person who plans in detail and considers the pros and cons of certain choices is a responsible person. These are choices you have to make, so don't let chance happen without taking some action.<\/span><\/p>\n<p><span style=\"font-weight: 400;\">So the decision to <a href=\"https:\/\/ama-rentacar.ro\/en\/\">rent a car Iasi<\/a> when you go on holiday needs to be considered very carefully.\u00a0<\/span><\/p>","protected":false},"excerpt":{"rendered":"<p>\u021ai-ai propus s\u0103 pleci \u00eentr-o vacan\u021b\u0103 \u00eempreun\u0103 cu familia, dar nu ai ma\u0219in\u0103 sau nu vrei s\u0103 folose\u0219ti propria ma\u0219in\u0103. Sau nu po\u021bi \u0219i trebuie s\u0103 pleci pentru c\u0103 ai rezervare efectuat\u0103 de mult timp.\u00a0 Ai multe lucruri de planificat \u00eenainte de a pleca \u00een vacan\u021b\u0103: trasarea \u0219i programarea activit\u0103\u021bilor sau obiectivelor turistice pe care [&hellip;]<\/p>\n","protected":false},"author":1,"featured_media":0,"parent":0,"menu_order":0,"comment_status":"closed","ping_status":"closed","template":"","meta":{"footnotes":""},"class_list":["post-425","page","type-page","status-publish","hentry","entry"],"yoast_head":"<!-- This site is optimized with the Yoast SEO Premium plugin v25.6 (Yoast SEO v27.1.1) - https:\/\/yoast.com\/product\/yoast-seo-premium-wordpress\/ -->\n<title>\u00cenchiriaz\u0103 o ma\u0219in\u0103 pentru vacan\u021b\u0103 - Ama Rent A Car<\/title>\n<meta name=\"description\" content=\"Alege s\u0103 \u00eenchiriezi o ma\u0219in\u0103 de calitate atunci c\u00e2nd pleci \u00een vacan\u021b\u0103! Afl\u0103 acum benficiile \u00eenchirierii unei ma\u0219ini pentru vacan\u021b\u0103!\" \/>\n<meta name=\"robots\" content=\"index, follow, max-snippet:-1, max-image-preview:large, max-video-preview:-1\" \/>\n<link rel=\"canonical\" href=\"https:\/\/ama-rentacar.ro\/en\/masina-pentru-vacanta\/\" \/>\n<meta property=\"og:locale\" content=\"en_GB\" \/>\n<meta property=\"og:type\" content=\"article\" \/>\n<meta property=\"og:title\" content=\"De ce s\u0103 \u00eenchiriezi o ma\u0219in\u0103 atunci c\u00e2nd pleci \u00eentr-o vacan\u021b\u0103?\" \/>\n<meta property=\"og:description\" content=\"Alege s\u0103 \u00eenchiriezi o ma\u0219in\u0103 de calitate atunci c\u00e2nd pleci \u00een vacan\u021b\u0103! Afl\u0103 acum benficiile \u00eenchirierii unei ma\u0219ini pentru vacan\u021b\u0103!\" \/>\n<meta property=\"og:url\" content=\"https:\/\/ama-rentacar.ro\/en\/masina-pentru-vacanta\/\" \/>\n<meta property=\"og:site_name\" content=\"Inchirieri masini | Rent a car | Car rental\" \/>\n<meta property=\"article:publisher\" content=\"https:\/\/www.facebook.com\/AmaAutoRent\/\" \/>\n<meta property=\"og:image\" content=\"https:\/\/ama-rentacar.ro\/wp-content\/uploads\/2021\/10\/ama-rent-a-car-inchirieri-auto-termen-lung-300x209.jpg\" \/>\n<meta name=\"twitter:card\" content=\"summary_large_image\" \/>\n<meta name=\"twitter:label1\" content=\"Estimated reading time\" \/>\n\t<meta name=\"twitter:data1\" content=\"3 minutes\" \/>\n<script type=\"application\/ld+json\" class=\"yoast-schema-graph\">{\"@context\":\"https:\/\/schema.org\",\"@graph\":[{\"@type\":\"WebPage\",\"@id\":\"https:\/\/ama-rentacar.ro\/masina-pentru-vacanta\/\",\"url\":\"https:\/\/ama-rentacar.ro\/masina-pentru-vacanta\/\",\"name\":\"\u00cenchiriaz\u0103 o ma\u0219in\u0103 pentru vacan\u021b\u0103 - Ama Rent A Car\",\"isPartOf\":{\"@id\":\"https:\/\/ama-rentacar.ro\/#website\"},\"primaryImageOfPage\":{\"@id\":\"https:\/\/ama-rentacar.ro\/masina-pentru-vacanta\/#primaryimage\"},\"image\":{\"@id\":\"https:\/\/ama-rentacar.ro\/masina-pentru-vacanta\/#primaryimage\"},\"thumbnailUrl\":\"https:\/\/ama-rentacar.ro\/wp-content\/uploads\/2021\/10\/ama-rent-a-car-inchirieri-auto-termen-lung-300x209.jpg\",\"datePublished\":\"2022-08-20T06:55:01+00:00\",\"description\":\"Alege s\u0103 \u00eenchiriezi o ma\u0219in\u0103 de calitate atunci c\u00e2nd pleci \u00een vacan\u021b\u0103! Afl\u0103 acum benficiile \u00eenchirierii unei ma\u0219ini pentru vacan\u021b\u0103!\",\"breadcrumb\":{\"@id\":\"https:\/\/ama-rentacar.ro\/masina-pentru-vacanta\/#breadcrumb\"},\"inLanguage\":\"en-GB\",\"potentialAction\":[{\"@type\":\"ReadAction\",\"target\":[\"https:\/\/ama-rentacar.ro\/masina-pentru-vacanta\/\"]}]},{\"@type\":\"ImageObject\",\"inLanguage\":\"en-GB\",\"@id\":\"https:\/\/ama-rentacar.ro\/masina-pentru-vacanta\/#primaryimage\",\"url\":\"https:\/\/ama-rentacar.ro\/wp-content\/uploads\/2021\/10\/ama-rent-a-car-inchirieri-auto-termen-lung-300x209.jpg\",\"contentUrl\":\"https:\/\/ama-rentacar.ro\/wp-content\/uploads\/2021\/10\/ama-rent-a-car-inchirieri-auto-termen-lung-300x209.jpg\"},{\"@type\":\"BreadcrumbList\",\"@id\":\"https:\/\/ama-rentacar.ro\/masina-pentru-vacanta\/#breadcrumb\",\"itemListElement\":[{\"@type\":\"ListItem\",\"position\":1,\"name\":\"Prima pagin\u0103\",\"item\":\"https:\/\/ama-rentacar.ro\/\"},{\"@type\":\"ListItem\",\"position\":2,\"name\":\"De ce s\u0103 \u00eenchiriezi o ma\u0219in\u0103 atunci c\u00e2nd pleci \u00eentr-o vacan\u021b\u0103?\"}]},{\"@type\":\"WebSite\",\"@id\":\"https:\/\/ama-rentacar.ro\/#website\",\"url\":\"https:\/\/ama-rentacar.ro\/\",\"name\":\"Inchirieri auto | Rent a car | Car rental\",\"description\":\"\",\"publisher\":{\"@id\":\"https:\/\/ama-rentacar.ro\/#organization\"},\"potentialAction\":[{\"@type\":\"SearchAction\",\"target\":{\"@type\":\"EntryPoint\",\"urlTemplate\":\"https:\/\/ama-rentacar.ro\/?s={search_term_string}\"},\"query-input\":{\"@type\":\"PropertyValueSpecification\",\"valueRequired\":true,\"valueName\":\"search_term_string\"}}],\"inLanguage\":\"en-GB\"},{\"@type\":\"Organization\",\"@id\":\"https:\/\/ama-rentacar.ro\/#organization\",\"name\":\"AMA Rent a Car\",\"url\":\"https:\/\/ama-rentacar.ro\/\",\"logo\":{\"@type\":\"ImageObject\",\"inLanguage\":\"en-GB\",\"@id\":\"https:\/\/ama-rentacar.ro\/#\/schema\/logo\/image\/\",\"url\":\"https:\/\/ama-rentacar.ro\/wp-content\/uploads\/2021\/08\/logo_ama_rental.png\",\"contentUrl\":\"https:\/\/ama-rentacar.ro\/wp-content\/uploads\/2021\/08\/logo_ama_rental.png\",\"width\":562,\"height\":210,\"caption\":\"AMA Rent a Car\"},\"image\":{\"@id\":\"https:\/\/ama-rentacar.ro\/#\/schema\/logo\/image\/\"},\"sameAs\":[\"https:\/\/www.facebook.com\/AmaAutoRent\/\"]}]}<\/script>\n<!-- \/ Yoast SEO Premium plugin. -->","yoast_head_json":{"title":"\u00cenchiriaz\u0103 o ma\u0219in\u0103 pentru vacan\u021b\u0103 - Ama Rent A Car","description":"Alege s\u0103 \u00eenchiriezi o ma\u0219in\u0103 de calitate atunci c\u00e2nd pleci \u00een vacan\u021b\u0103! Afl\u0103 acum benficiile \u00eenchirierii unei ma\u0219ini pentru vacan\u021b\u0103!","robots":{"index":"index","follow":"follow","max-snippet":"max-snippet:-1","max-image-preview":"max-image-preview:large","max-video-preview":"max-video-preview:-1"},"canonical":"https:\/\/ama-rentacar.ro\/en\/masina-pentru-vacanta\/","og_locale":"en_GB","og_type":"article","og_title":"De ce s\u0103 \u00eenchiriezi o ma\u0219in\u0103 atunci c\u00e2nd pleci \u00eentr-o vacan\u021b\u0103?","og_description":"Alege s\u0103 \u00eenchiriezi o ma\u0219in\u0103 de calitate atunci c\u00e2nd pleci \u00een vacan\u021b\u0103! Afl\u0103 acum benficiile \u00eenchirierii unei ma\u0219ini pentru vacan\u021b\u0103!","og_url":"https:\/\/ama-rentacar.ro\/en\/masina-pentru-vacanta\/","og_site_name":"Inchirieri masini | Rent a car | Car rental","article_publisher":"https:\/\/www.facebook.com\/AmaAutoRent\/","og_image":[{"url":"https:\/\/ama-rentacar.ro\/wp-content\/uploads\/2021\/10\/ama-rent-a-car-inchirieri-auto-termen-lung-300x209.jpg","type":"","width":"","height":""}],"twitter_card":"summary_large_image","twitter_misc":{"Estimated reading time":"3 minutes"},"schema":{"@context":"https:\/\/schema.org","@graph":[{"@type":"WebPage","@id":"https:\/\/ama-rentacar.ro\/masina-pentru-vacanta\/","url":"https:\/\/ama-rentacar.ro\/masina-pentru-vacanta\/","name":"\u00cenchiriaz\u0103 o ma\u0219in\u0103 pentru vacan\u021b\u0103 - Ama Rent A Car","isPartOf":{"@id":"https:\/\/ama-rentacar.ro\/#website"},"primaryImageOfPage":{"@id":"https:\/\/ama-rentacar.ro\/masina-pentru-vacanta\/#primaryimage"},"image":{"@id":"https:\/\/ama-rentacar.ro\/masina-pentru-vacanta\/#primaryimage"},"thumbnailUrl":"https:\/\/ama-rentacar.ro\/wp-content\/uploads\/2021\/10\/ama-rent-a-car-inchirieri-auto-termen-lung-300x209.jpg","datePublished":"2022-08-20T06:55:01+00:00","description":"Alege s\u0103 \u00eenchiriezi o ma\u0219in\u0103 de calitate atunci c\u00e2nd pleci \u00een vacan\u021b\u0103! Afl\u0103 acum benficiile \u00eenchirierii unei ma\u0219ini pentru vacan\u021b\u0103!","breadcrumb":{"@id":"https:\/\/ama-rentacar.ro\/masina-pentru-vacanta\/#breadcrumb"},"inLanguage":"en-GB","potentialAction":[{"@type":"ReadAction","target":["https:\/\/ama-rentacar.ro\/masina-pentru-vacanta\/"]}]},{"@type":"ImageObject","inLanguage":"en-GB","@id":"https:\/\/ama-rentacar.ro\/masina-pentru-vacanta\/#primaryimage","url":"https:\/\/ama-rentacar.ro\/wp-content\/uploads\/2021\/10\/ama-rent-a-car-inchirieri-auto-termen-lung-300x209.jpg","contentUrl":"https:\/\/ama-rentacar.ro\/wp-content\/uploads\/2021\/10\/ama-rent-a-car-inchirieri-auto-termen-lung-300x209.jpg"},{"@type":"BreadcrumbList","@id":"https:\/\/ama-rentacar.ro\/masina-pentru-vacanta\/#breadcrumb","itemListElement":[{"@type":"ListItem","position":1,"name":"Prima pagin\u0103","item":"https:\/\/ama-rentacar.ro\/"},{"@type":"ListItem","position":2,"name":"De ce s\u0103 \u00eenchiriezi o ma\u0219in\u0103 atunci c\u00e2nd pleci \u00eentr-o vacan\u021b\u0103?"}]},{"@type":"WebSite","@id":"https:\/\/ama-rentacar.ro\/#website","url":"https:\/\/ama-rentacar.ro\/","name":"Inchirieri auto | Rent a car | Car rental","description":"","publisher":{"@id":"https:\/\/ama-rentacar.ro\/#organization"},"potentialAction":[{"@type":"SearchAction","target":{"@type":"EntryPoint","urlTemplate":"https:\/\/ama-rentacar.ro\/?s={search_term_string}"},"query-input":{"@type":"PropertyValueSpecification","valueRequired":true,"valueName":"search_term_string"}}],"inLanguage":"en-GB"},{"@type":"Organization","@id":"https:\/\/ama-rentacar.ro\/#organization","name":"AMA Rent a Car","url":"https:\/\/ama-rentacar.ro\/","logo":{"@type":"ImageObject","inLanguage":"en-GB","@id":"https:\/\/ama-rentacar.ro\/#\/schema\/logo\/image\/","url":"https:\/\/ama-rentacar.ro\/wp-content\/uploads\/2021\/08\/logo_ama_rental.png","contentUrl":"https:\/\/ama-rentacar.ro\/wp-content\/uploads\/2021\/08\/logo_ama_rental.png","width":562,"height":210,"caption":"AMA Rent a Car"},"image":{"@id":"https:\/\/ama-rentacar.ro\/#\/schema\/logo\/image\/"},"sameAs":["https:\/\/www.facebook.com\/AmaAutoRent\/"]}]}},"_links":{"self":[{"href":"https:\/\/ama-rentacar.ro\/en\/wp-json\/wp\/v2\/pages\/425","targetHints":{"allow":["GET"]}}],"collection":[{"href":"https:\/\/ama-rentacar.ro\/en\/wp-json\/wp\/v2\/pages"}],"about":[{"href":"https:\/\/ama-rentacar.ro\/en\/wp-json\/wp\/v2\/types\/page"}],"author":[{"embeddable":true,"href":"https:\/\/ama-rentacar.ro\/en\/wp-json\/wp\/v2\/users\/1"}],"replies":[{"embeddable":true,"href":"https:\/\/ama-rentacar.ro\/en\/wp-json\/wp\/v2\/comments?post=425"}],"version-history":[{"count":1,"href":"https:\/\/ama-rentacar.ro\/en\/wp-json\/wp\/v2\/pages\/425\/revisions"}],"predecessor-version":[{"id":426,"href":"https:\/\/ama-rentacar.ro\/en\/wp-json\/wp\/v2\/pages\/425\/revisions\/426"}],"wp:attachment":[{"href":"https:\/\/ama-rentacar.ro\/en\/wp-json\/wp\/v2\/media?parent=425"}],"curies":[{"name":"wp","href":"https:\/\/api.w.org\/{rel}","templated":true}]}}