{"id":453,"date":"2022-09-04T10:00:47","date_gmt":"2022-09-04T08:00:47","guid":{"rendered":"https:\/\/ama-rentacar.ro\/?page_id=453"},"modified":"2022-09-04T10:04:54","modified_gmt":"2022-09-04T08:04:54","slug":"alege-servicii-de-rent-a-car-cu-flota-noua","status":"publish","type":"page","link":"https:\/\/ama-rentacar.ro\/en\/alege-servicii-de-rent-a-car-cu-flota-noua\/","title":{"rendered":"Choose rental car services with new fleet\u00a0"},"content":{"rendered":"<p><span style=\"font-weight: 400;\">We all want to drive the newest cars on the market. And new fleet rental services can make that dream come true.<\/span><\/p>\n<p><span style=\"font-weight: 400;\">Whether you need a car for a great holiday or a special event, the cars in our fleets will never let you down.<\/span><\/p>\n<p><span style=\"font-weight: 400;\">It is a common alternative for people who want to test drive a new car before they buy it. Most drivers will be primarily interested in the availability of a new car. New fleet car rental services will give you valuable advantages.<\/span><\/p>\n<h2><span style=\"font-weight: 400;\">You will enjoy the pleasure of driving a new car<\/span><\/h2>\n<p><span style=\"font-weight: 400;\">We all appreciate historic cars and their impact on the automotive world. But new cars are top of the list when it comes to customer choice.<\/span><\/p>\n<p><span style=\"font-weight: 400;\">If you feel the need to experience something different or the car model you personally want, you will have the possibility to rent it and test drive it for a longer or shorter period of time.<\/span><\/p>\n<p><img fetchpriority=\"high\" decoding=\"async\" class=\"size-medium wp-image-315 alignleft\" src=\"https:\/\/ama-rentacar.ro\/wp-content\/uploads\/2021\/10\/ama-rent-a-car-inchirieri-auto-termen-lung-300x209.jpg\" alt=\"ama-rent-a-car-inchirieri-auto-termen-lung\" width=\"300\" height=\"209\" srcset=\"https:\/\/ama-rentacar.ro\/wp-content\/uploads\/2021\/10\/ama-rent-a-car-inchirieri-auto-termen-lung-300x209.jpg 300w, https:\/\/ama-rentacar.ro\/wp-content\/uploads\/2021\/10\/ama-rent-a-car-inchirieri-auto-termen-lung-768x535.jpg 768w, https:\/\/ama-rentacar.ro\/wp-content\/uploads\/2021\/10\/ama-rent-a-car-inchirieri-auto-termen-lung.jpg 800w\" sizes=\"(max-width: 300px) 100vw, 300px\" \/><\/p>\n<p><span style=\"font-weight: 400;\">It is a habit adopted by many drivers. You get to know the car. You can even find out if it really is the car of your dreams.<\/span><\/p>\n<p><span style=\"font-weight: 400;\">Technological progress is constantly increasing. Electric cars are becoming increasingly popular. So you'll want to test drive it before you buy. Only then will you be able to tell if it really meets your needs and expectations.<\/span><\/p>\n<h3><span style=\"font-weight: 400;\">The risk of breakdowns is significantly reduced<\/span><\/h3>\n<p><span style=\"font-weight: 400;\">Services <a href=\"https:\/\/ama-rentacar.ro\/en\/\">rent a car Iasi<\/a> with a new fleet of vehicles will always have the latest models. It goes without saying that a new car has a reduced risk of breakdown compared to older cars that have been driven by many customers.<\/span><\/p>\n<p><span style=\"font-weight: 400;\">The risks increase with the degree of wear and tear on the machine. If you want to rent a car for a long period of time, it is advisable to choose a new car.\u00a0<\/span><\/p>\n<h3><span style=\"font-weight: 400;\">You'll enjoy increased comfort<\/span><\/h3>\n<p><span style=\"font-weight: 400;\">New car models will always come with the latest equipment. Your comfort and safety are the most important things. So you get:<\/span><\/p>\n<ul>\n<li style=\"font-weight: 400;\" aria-level=\"1\"><span style=\"font-weight: 400;\">Leather upholstery;<\/span><\/li>\n<li style=\"font-weight: 400;\" aria-level=\"1\"><span style=\"font-weight: 400;\">Climatronic system;<\/span><\/li>\n<li style=\"font-weight: 400;\" aria-level=\"1\"><span style=\"font-weight: 400;\">GPS;<\/span><\/li>\n<li style=\"font-weight: 400;\" aria-level=\"1\"><span style=\"font-weight: 400;\">Heating in the seats\/flywheel;<\/span><\/li>\n<li style=\"font-weight: 400;\" aria-level=\"1\"><span style=\"font-weight: 400;\">Windscreen heating;<\/span><\/li>\n<li style=\"font-weight: 400;\" aria-level=\"1\"><span style=\"font-weight: 400;\">Head-up display;<\/span><\/li>\n<li style=\"font-weight: 400;\" aria-level=\"1\"><span style=\"font-weight: 400;\">Helium mirrors;<\/span><\/li>\n<li style=\"font-weight: 400;\" aria-level=\"1\"><span style=\"font-weight: 400;\">Anatomical chairs;<\/span><\/li>\n<li style=\"font-weight: 400;\" aria-level=\"1\"><span style=\"font-weight: 400;\">Parking sensors;<\/span><\/li>\n<li style=\"font-weight: 400;\" aria-level=\"1\"><span style=\"font-weight: 400;\">Camera for reversing, etc.<\/span><\/li>\n<\/ul>\n<p><span style=\"font-weight: 400;\">You can try all these options without compromising. With their help, the road experience changes considerably.<\/span><\/p>\n<h3><span style=\"font-weight: 400;\">New cars are more environmentally friendly<\/span><\/h3>\n<p><span style=\"font-weight: 400;\">Some models that are part of the <a href=\"https:\/\/ama-rentacar.ro\/en\/rent-a-car-bucuresti\/\">new cars<\/a> are hybrid or electric. Compared to conventional cars, they will be more environmentally friendly.<\/span><\/p>\n<p><span style=\"font-weight: 400;\">Pollution and gas emissions are significantly reduced. Environmental responsibility must be a core value for every person. Given the global context on pollution, you can help the environment.<\/span><\/p>\n<p><span style=\"font-weight: 400;\">New fleet rental services offer low-emission vehicles, and are associated with Euro 5 and 6 standards.<\/span><\/p>","protected":false},"excerpt":{"rendered":"<p>Cu to\u021bii ne dorim s\u0103 conducem cele mai noi ma\u0219ini ap\u0103rute pe pia\u021b\u0103. Iar serviciile de rent a car cu flot\u0103 nou\u0103 pot s\u0103 materializeze acest vis. Indiferent c\u0103 ai nevoie de o ma\u0219in\u0103 pentru o vacan\u021b\u0103 reu\u0219it\u0103 sau pentru un eveniment mai deosebit, autovehiculele din flotele noi nu te vor dezam\u0103gi niciodat\u0103. Este o [&hellip;]<\/p>\n","protected":false},"author":1,"featured_media":0,"parent":0,"menu_order":0,"comment_status":"closed","ping_status":"closed","template":"","meta":{"footnotes":""},"class_list":["post-453","page","type-page","status-publish","hentry","entry"],"yoast_head":"<!-- This site is optimized with the Yoast SEO Premium plugin v25.6 (Yoast SEO v27.1.1) - https:\/\/yoast.com\/product\/yoast-seo-premium-wordpress\/ -->\n<title>Alege servicii de rent a car cu flot\u0103 nou\u0103\u00a0 - Ama Rent A Car<\/title>\n<meta name=\"description\" content=\"Serviciile rent a car Iasi cu flot\u0103 nou\u0103 de autovehicule, vor avea mereu cele mai noi modele. Vezi acum disponibilitatea lor!\" \/>\n<meta name=\"robots\" content=\"index, follow, max-snippet:-1, max-image-preview:large, max-video-preview:-1\" \/>\n<link rel=\"canonical\" href=\"https:\/\/ama-rentacar.ro\/en\/alege-servicii-de-rent-a-car-cu-flota-noua\/\" \/>\n<meta property=\"og:locale\" content=\"en_GB\" \/>\n<meta property=\"og:type\" content=\"article\" \/>\n<meta property=\"og:title\" content=\"Alege servicii de rent a car cu flot\u0103 nou\u0103\u00a0\" \/>\n<meta property=\"og:description\" content=\"Serviciile rent a car Iasi cu flot\u0103 nou\u0103 de autovehicule, vor avea mereu cele mai noi modele. Vezi acum disponibilitatea lor!\" \/>\n<meta property=\"og:url\" content=\"https:\/\/ama-rentacar.ro\/en\/alege-servicii-de-rent-a-car-cu-flota-noua\/\" \/>\n<meta property=\"og:site_name\" content=\"Inchirieri masini | Rent a car | Car rental\" \/>\n<meta property=\"article:publisher\" content=\"https:\/\/www.facebook.com\/AmaAutoRent\/\" \/>\n<meta property=\"article:modified_time\" content=\"2022-09-04T08:04:54+00:00\" \/>\n<meta property=\"og:image\" content=\"https:\/\/ama-rentacar.ro\/wp-content\/uploads\/2021\/10\/ama-rent-a-car-inchirieri-auto-termen-lung-300x209.jpg\" \/>\n<meta name=\"twitter:card\" content=\"summary_large_image\" \/>\n<meta name=\"twitter:label1\" content=\"Estimated reading time\" \/>\n\t<meta name=\"twitter:data1\" content=\"3 minutes\" \/>\n<script type=\"application\/ld+json\" class=\"yoast-schema-graph\">{\"@context\":\"https:\/\/schema.org\",\"@graph\":[{\"@type\":\"WebPage\",\"@id\":\"https:\/\/ama-rentacar.ro\/alege-servicii-de-rent-a-car-cu-flota-noua\/\",\"url\":\"https:\/\/ama-rentacar.ro\/alege-servicii-de-rent-a-car-cu-flota-noua\/\",\"name\":\"Alege servicii de rent a car cu flot\u0103 nou\u0103\u00a0 - Ama Rent A Car\",\"isPartOf\":{\"@id\":\"https:\/\/ama-rentacar.ro\/#website\"},\"primaryImageOfPage\":{\"@id\":\"https:\/\/ama-rentacar.ro\/alege-servicii-de-rent-a-car-cu-flota-noua\/#primaryimage\"},\"image\":{\"@id\":\"https:\/\/ama-rentacar.ro\/alege-servicii-de-rent-a-car-cu-flota-noua\/#primaryimage\"},\"thumbnailUrl\":\"https:\/\/ama-rentacar.ro\/wp-content\/uploads\/2021\/10\/ama-rent-a-car-inchirieri-auto-termen-lung-300x209.jpg\",\"datePublished\":\"2022-09-04T08:00:47+00:00\",\"dateModified\":\"2022-09-04T08:04:54+00:00\",\"description\":\"Serviciile rent a car Iasi cu flot\u0103 nou\u0103 de autovehicule, vor avea mereu cele mai noi modele. Vezi acum disponibilitatea lor!\",\"breadcrumb\":{\"@id\":\"https:\/\/ama-rentacar.ro\/alege-servicii-de-rent-a-car-cu-flota-noua\/#breadcrumb\"},\"inLanguage\":\"en-GB\",\"potentialAction\":[{\"@type\":\"ReadAction\",\"target\":[\"https:\/\/ama-rentacar.ro\/alege-servicii-de-rent-a-car-cu-flota-noua\/\"]}]},{\"@type\":\"ImageObject\",\"inLanguage\":\"en-GB\",\"@id\":\"https:\/\/ama-rentacar.ro\/alege-servicii-de-rent-a-car-cu-flota-noua\/#primaryimage\",\"url\":\"https:\/\/ama-rentacar.ro\/wp-content\/uploads\/2021\/10\/ama-rent-a-car-inchirieri-auto-termen-lung-300x209.jpg\",\"contentUrl\":\"https:\/\/ama-rentacar.ro\/wp-content\/uploads\/2021\/10\/ama-rent-a-car-inchirieri-auto-termen-lung-300x209.jpg\"},{\"@type\":\"BreadcrumbList\",\"@id\":\"https:\/\/ama-rentacar.ro\/alege-servicii-de-rent-a-car-cu-flota-noua\/#breadcrumb\",\"itemListElement\":[{\"@type\":\"ListItem\",\"position\":1,\"name\":\"Prima pagin\u0103\",\"item\":\"https:\/\/ama-rentacar.ro\/\"},{\"@type\":\"ListItem\",\"position\":2,\"name\":\"Alege servicii de rent a car cu flot\u0103 nou\u0103\u00a0\"}]},{\"@type\":\"WebSite\",\"@id\":\"https:\/\/ama-rentacar.ro\/#website\",\"url\":\"https:\/\/ama-rentacar.ro\/\",\"name\":\"Inchirieri auto | Rent a car | Car rental\",\"description\":\"\",\"publisher\":{\"@id\":\"https:\/\/ama-rentacar.ro\/#organization\"},\"potentialAction\":[{\"@type\":\"SearchAction\",\"target\":{\"@type\":\"EntryPoint\",\"urlTemplate\":\"https:\/\/ama-rentacar.ro\/?s={search_term_string}\"},\"query-input\":{\"@type\":\"PropertyValueSpecification\",\"valueRequired\":true,\"valueName\":\"search_term_string\"}}],\"inLanguage\":\"en-GB\"},{\"@type\":\"Organization\",\"@id\":\"https:\/\/ama-rentacar.ro\/#organization\",\"name\":\"AMA Rent a Car\",\"url\":\"https:\/\/ama-rentacar.ro\/\",\"logo\":{\"@type\":\"ImageObject\",\"inLanguage\":\"en-GB\",\"@id\":\"https:\/\/ama-rentacar.ro\/#\/schema\/logo\/image\/\",\"url\":\"https:\/\/ama-rentacar.ro\/wp-content\/uploads\/2021\/08\/logo_ama_rental.png\",\"contentUrl\":\"https:\/\/ama-rentacar.ro\/wp-content\/uploads\/2021\/08\/logo_ama_rental.png\",\"width\":562,\"height\":210,\"caption\":\"AMA Rent a Car\"},\"image\":{\"@id\":\"https:\/\/ama-rentacar.ro\/#\/schema\/logo\/image\/\"},\"sameAs\":[\"https:\/\/www.facebook.com\/AmaAutoRent\/\"]}]}<\/script>\n<!-- \/ Yoast SEO Premium plugin. -->","yoast_head_json":{"title":"Alege servicii de rent a car cu flot\u0103 nou\u0103\u00a0 - Ama Rent A Car","description":"Serviciile rent a car Iasi cu flot\u0103 nou\u0103 de autovehicule, vor avea mereu cele mai noi modele. Vezi acum disponibilitatea lor!","robots":{"index":"index","follow":"follow","max-snippet":"max-snippet:-1","max-image-preview":"max-image-preview:large","max-video-preview":"max-video-preview:-1"},"canonical":"https:\/\/ama-rentacar.ro\/en\/alege-servicii-de-rent-a-car-cu-flota-noua\/","og_locale":"en_GB","og_type":"article","og_title":"Alege servicii de rent a car cu flot\u0103 nou\u0103\u00a0","og_description":"Serviciile rent a car Iasi cu flot\u0103 nou\u0103 de autovehicule, vor avea mereu cele mai noi modele. Vezi acum disponibilitatea lor!","og_url":"https:\/\/ama-rentacar.ro\/en\/alege-servicii-de-rent-a-car-cu-flota-noua\/","og_site_name":"Inchirieri masini | Rent a car | Car rental","article_publisher":"https:\/\/www.facebook.com\/AmaAutoRent\/","article_modified_time":"2022-09-04T08:04:54+00:00","og_image":[{"url":"https:\/\/ama-rentacar.ro\/wp-content\/uploads\/2021\/10\/ama-rent-a-car-inchirieri-auto-termen-lung-300x209.jpg","type":"","width":"","height":""}],"twitter_card":"summary_large_image","twitter_misc":{"Estimated reading time":"3 minutes"},"schema":{"@context":"https:\/\/schema.org","@graph":[{"@type":"WebPage","@id":"https:\/\/ama-rentacar.ro\/alege-servicii-de-rent-a-car-cu-flota-noua\/","url":"https:\/\/ama-rentacar.ro\/alege-servicii-de-rent-a-car-cu-flota-noua\/","name":"Alege servicii de rent a car cu flot\u0103 nou\u0103\u00a0 - Ama Rent A Car","isPartOf":{"@id":"https:\/\/ama-rentacar.ro\/#website"},"primaryImageOfPage":{"@id":"https:\/\/ama-rentacar.ro\/alege-servicii-de-rent-a-car-cu-flota-noua\/#primaryimage"},"image":{"@id":"https:\/\/ama-rentacar.ro\/alege-servicii-de-rent-a-car-cu-flota-noua\/#primaryimage"},"thumbnailUrl":"https:\/\/ama-rentacar.ro\/wp-content\/uploads\/2021\/10\/ama-rent-a-car-inchirieri-auto-termen-lung-300x209.jpg","datePublished":"2022-09-04T08:00:47+00:00","dateModified":"2022-09-04T08:04:54+00:00","description":"Serviciile rent a car Iasi cu flot\u0103 nou\u0103 de autovehicule, vor avea mereu cele mai noi modele. Vezi acum disponibilitatea lor!","breadcrumb":{"@id":"https:\/\/ama-rentacar.ro\/alege-servicii-de-rent-a-car-cu-flota-noua\/#breadcrumb"},"inLanguage":"en-GB","potentialAction":[{"@type":"ReadAction","target":["https:\/\/ama-rentacar.ro\/alege-servicii-de-rent-a-car-cu-flota-noua\/"]}]},{"@type":"ImageObject","inLanguage":"en-GB","@id":"https:\/\/ama-rentacar.ro\/alege-servicii-de-rent-a-car-cu-flota-noua\/#primaryimage","url":"https:\/\/ama-rentacar.ro\/wp-content\/uploads\/2021\/10\/ama-rent-a-car-inchirieri-auto-termen-lung-300x209.jpg","contentUrl":"https:\/\/ama-rentacar.ro\/wp-content\/uploads\/2021\/10\/ama-rent-a-car-inchirieri-auto-termen-lung-300x209.jpg"},{"@type":"BreadcrumbList","@id":"https:\/\/ama-rentacar.ro\/alege-servicii-de-rent-a-car-cu-flota-noua\/#breadcrumb","itemListElement":[{"@type":"ListItem","position":1,"name":"Prima pagin\u0103","item":"https:\/\/ama-rentacar.ro\/"},{"@type":"ListItem","position":2,"name":"Alege servicii de rent a car cu flot\u0103 nou\u0103\u00a0"}]},{"@type":"WebSite","@id":"https:\/\/ama-rentacar.ro\/#website","url":"https:\/\/ama-rentacar.ro\/","name":"Inchirieri auto | Rent a car | Car rental","description":"","publisher":{"@id":"https:\/\/ama-rentacar.ro\/#organization"},"potentialAction":[{"@type":"SearchAction","target":{"@type":"EntryPoint","urlTemplate":"https:\/\/ama-rentacar.ro\/?s={search_term_string}"},"query-input":{"@type":"PropertyValueSpecification","valueRequired":true,"valueName":"search_term_string"}}],"inLanguage":"en-GB"},{"@type":"Organization","@id":"https:\/\/ama-rentacar.ro\/#organization","name":"AMA Rent a Car","url":"https:\/\/ama-rentacar.ro\/","logo":{"@type":"ImageObject","inLanguage":"en-GB","@id":"https:\/\/ama-rentacar.ro\/#\/schema\/logo\/image\/","url":"https:\/\/ama-rentacar.ro\/wp-content\/uploads\/2021\/08\/logo_ama_rental.png","contentUrl":"https:\/\/ama-rentacar.ro\/wp-content\/uploads\/2021\/08\/logo_ama_rental.png","width":562,"height":210,"caption":"AMA Rent a Car"},"image":{"@id":"https:\/\/ama-rentacar.ro\/#\/schema\/logo\/image\/"},"sameAs":["https:\/\/www.facebook.com\/AmaAutoRent\/"]}]}},"_links":{"self":[{"href":"https:\/\/ama-rentacar.ro\/en\/wp-json\/wp\/v2\/pages\/453","targetHints":{"allow":["GET"]}}],"collection":[{"href":"https:\/\/ama-rentacar.ro\/en\/wp-json\/wp\/v2\/pages"}],"about":[{"href":"https:\/\/ama-rentacar.ro\/en\/wp-json\/wp\/v2\/types\/page"}],"author":[{"embeddable":true,"href":"https:\/\/ama-rentacar.ro\/en\/wp-json\/wp\/v2\/users\/1"}],"replies":[{"embeddable":true,"href":"https:\/\/ama-rentacar.ro\/en\/wp-json\/wp\/v2\/comments?post=453"}],"version-history":[{"count":3,"href":"https:\/\/ama-rentacar.ro\/en\/wp-json\/wp\/v2\/pages\/453\/revisions"}],"predecessor-version":[{"id":461,"href":"https:\/\/ama-rentacar.ro\/en\/wp-json\/wp\/v2\/pages\/453\/revisions\/461"}],"wp:attachment":[{"href":"https:\/\/ama-rentacar.ro\/en\/wp-json\/wp\/v2\/media?parent=453"}],"curies":[{"name":"wp","href":"https:\/\/api.w.org\/{rel}","templated":true}]}}