{"id":66,"date":"2021-08-16T11:16:16","date_gmt":"2021-08-16T11:16:16","guid":{"rendered":"https:\/\/ama-rentacar.ro\/?page_id=66"},"modified":"2024-01-24T12:25:14","modified_gmt":"2024-01-24T10:25:14","slug":"politica-cookie","status":"publish","type":"page","link":"https:\/\/ama-rentacar.ro\/en\/politica-de-confidentialitate\/politica-cookie\/","title":{"rendered":"Cookie Policy"},"content":{"rendered":"<div data-elementor-type=\"wp-page\" data-elementor-id=\"66\" class=\"elementor elementor-66\">\n\t\t\t\t<div class=\"elementor-element elementor-element-23da290 e-flex e-con-boxed e-con e-parent\" data-id=\"23da290\" data-element_type=\"container\" data-e-type=\"container\">\n\t\t\t\t\t<div class=\"e-con-inner\">\n\t\t\t\t<div class=\"elementor-element elementor-element-41e6b94 elementor-widget elementor-widget-text-editor\" data-id=\"41e6b94\" data-element_type=\"widget\" data-e-type=\"widget\" data-widget_type=\"text-editor.default\">\n\t\t\t\t<div class=\"elementor-widget-container\">\n\t\t\t\t\t\t\t\t\t<p style=\"text-align: center;\"><span style=\"color: #000000;\"><strong>COOKIE POLICY<\/strong><\/span><\/p><p><span style=\"color: #000000;\"><strong>\u00a0<\/strong><\/span><\/p><p><span style=\"color: #000000;\"><strong>General information<\/strong><\/span><\/p><p><span style=\"color: #000000;\">The AMA Rent A Car website uses cookies. A cookie is a small text file that is stored by your browser and allows you to store information between sessions on web pages and your browser. AMA Rent A Car uses a number of \"first party\" cookies - generated and used by the AMA Rent A Car website - and a number of \"third party\" cookies - generated on our website by third parties. These allow us to remember every step of your booking as you navigate the site, allow us to store your customer details and display the relevant content based on the options you select and your journey. They also help us understand user behaviour on our website, which means we can improve your browsing experience.<\/span><\/p><p><span style=\"color: #000000;\">Cookies can only store text, which is always anonymous and usually encoded. AMA Rent A Car will never store personal information in a cookie.<\/span><\/p><p><span style=\"color: #000000;\"><strong>What are cookies?<\/strong><\/span><\/p><p><span style=\"color: #000000;\">Cookies are small text files generated by the sites you visit, which store session data that may be useful later on. This data allows the site to store information between pages, and also to analyse how you interact with the site.<\/span><\/p><p><span style=\"color: #000000;\">Cookies are secure - they can only store information that is placed there by the browser, i.e. information that the user has entered in the browser or that is included in the page request. They cannot access code and cannot be used to access your computer. If a website encodes information in a cookie, only that website can view that information.<\/span><\/p><p><span style=\"color: #000000;\">There are two different types of cookies: Session and Permanent. They are used for different purposes and contain different information.<\/span><\/p><p><span style=\"color: #000000;\">Session cookies contain information that is used in the current browsing session. These cookies are automatically deleted when you close your browsing session. Nothing remains on your device for longer than the time you are logged into the browser.<\/span><\/p><p><span style=\"color: #000000;\">Permanent cookies are used to remember information used between visits. This data allows the site to recognise you as a repeat customer and to react accordingly. Persistent cookies have a different lifetime configured by the website, which can vary from a few minutes to several years.<\/span><\/p><p><span style=\"color: #000000;\"><strong>Why are cookies used?<\/strong><\/span><\/p><p><span style=\"color: #000000;\">Cookies are used by the site to keep you logged in while you browse the site, remembering your booking details whether you are logged in or not. They are used to display products relevant to your searches.<\/span><\/p><p><span style=\"color: #000000;\">Analytics cookies, from our partners Google and Adobe, allow us to track customer interaction on the site. In this way, we obtain valuable information that allows us to improve the site and the products and services we offer.<\/span><\/p><p><span style=\"color: #000000;\">We also work with partners who write third-party cookies, which are then used by advertisers on other sites to serve you appropriate and relevant ads based on your browsing history. These cookies do not store personal information allowing other sites to identify you, they are simply based on your browsing history.<\/span><\/p><p><span style=\"color: #000000;\"><strong>\u00a0<\/strong><\/span><\/p><p><span style=\"color: #000000;\"><strong>Disabling and deleting cookies<\/strong><\/span><\/p><p><span style=\"color: #000000;\">All browsers allow you to restrict the behaviour of cookies or turn them off in your browser settings or options. The steps to do this are different for each browser, instructions can be found in the Help menu of your browser.<\/span><\/p><p><span style=\"color: #000000;\">With your browser, you can also view the cookies on your computer and individually delete the desired cookies or remove them all.<\/span><\/p><p><span style=\"color: #000000;\">Cookies are simple text files, so you can open and read their content. The data in them is often encoded or represents a numeric code corresponding to a web session that often has no meaning except for the website that wrote it.<\/span><\/p><p><span style=\"color: #000000;\">If you close cookies, AMA Rent A Car will not be able to make a reservation. Disabling cookies will also affect the tracking of your progress on the site, but will not prevent the analytics code from recognizing your visit.<\/span><\/p><p><span style=\"color: #000000;\"><strong>What cookies does the AMA Rent A Car website create?<\/strong><\/span><\/p><p><span style=\"color: #000000;\">The session cookies that AMA Rent A Car writes include data used by the web server hardware with which the server processes your session, your login status (compared to the AMA Rent A Car customer database) and your booking details.<\/span><\/p><p><span style=\"color: #000000;\">The permanent cookies that are created by the AMA Rent A Car website are used by our technology partners, Adobe, Maxymiser and Google. They are used to recognize traffic to the site which drives users back rather than bringing in new customers. The information stored is used to provide you with appropriate ads from other sites on our behalf. Deleting these cookies will not affect your experience or the functionality of the AMA Rent A Car website.<\/span><\/p>\t\t\t\t\t\t\t\t<\/div>\n\t\t\t\t<\/div>\n\t\t\t\t\t<\/div>\n\t\t\t\t<\/div>\n\t\t\t\t<\/div>","protected":false},"excerpt":{"rendered":"<p>POLITICA DE COOKIES \u00a0 Informatii generale Website-ul AMA Rent A Car\u00a0 foloseste module cookie. Un modul cookie este un fisier text mic care este stocat de browser-ul dumneavoastra si va permite sa pastrati informatii intre sesiuni pe pagini de internet si browser. AMA Rent A Car\u00a0 \u00a0foloseste un numar de module cookie de \u201cprima parte\u201d [&hellip;]<\/p>\n","protected":false},"author":1,"featured_media":0,"parent":3,"menu_order":0,"comment_status":"closed","ping_status":"closed","template":"","meta":{"footnotes":""},"class_list":["post-66","page","type-page","status-publish","hentry","entry"],"yoast_head":"<!-- This site is optimized with the Yoast SEO Premium plugin v25.6 (Yoast SEO v27.1.1) - https:\/\/yoast.com\/product\/yoast-seo-premium-wordpress\/ -->\n<title>Politica Cookie - Inchirieri masini | Rent a car | Car rental<\/title>\n<meta name=\"description\" content=\"Cookie-urile sunt mici buc\u0103\u0163ele de date stocate \u00een fi\u015fiere text care sunt salvate pe calculatorul dumneavoastr\u0103 sau pe alte dispozitive .\" \/>\n<meta name=\"robots\" content=\"index, follow, max-snippet:-1, max-image-preview:large, max-video-preview:-1\" \/>\n<link rel=\"canonical\" href=\"https:\/\/ama-rentacar.ro\/en\/politica-de-confidentialitate\/politica-cookie\/\" \/>\n<meta property=\"og:locale\" content=\"en_GB\" \/>\n<meta property=\"og:type\" content=\"article\" \/>\n<meta property=\"og:title\" content=\"Politica Cookie\" \/>\n<meta property=\"og:description\" content=\"Cookie-urile sunt mici buc\u0103\u0163ele de date stocate \u00een fi\u015fiere text care sunt salvate pe calculatorul dumneavoastr\u0103 sau pe alte dispozitive .\" \/>\n<meta property=\"og:url\" content=\"https:\/\/ama-rentacar.ro\/en\/politica-de-confidentialitate\/politica-cookie\/\" \/>\n<meta property=\"og:site_name\" content=\"Inchirieri masini | Rent a car | Car rental\" \/>\n<meta property=\"article:publisher\" content=\"https:\/\/www.facebook.com\/AmaAutoRent\/\" \/>\n<meta property=\"article:modified_time\" content=\"2024-01-24T10:25:14+00:00\" \/>\n<meta name=\"twitter:card\" content=\"summary_large_image\" \/>\n<meta name=\"twitter:label1\" content=\"Estimated reading time\" \/>\n\t<meta name=\"twitter:data1\" content=\"4 minutes\" \/>\n<script type=\"application\/ld+json\" class=\"yoast-schema-graph\">{\"@context\":\"https:\/\/schema.org\",\"@graph\":[{\"@type\":\"WebPage\",\"@id\":\"https:\/\/ama-rentacar.ro\/politica-de-confidentialitate\/politica-cookie\/\",\"url\":\"https:\/\/ama-rentacar.ro\/politica-de-confidentialitate\/politica-cookie\/\",\"name\":\"Politica Cookie - Inchirieri masini | Rent a car | Car rental\",\"isPartOf\":{\"@id\":\"https:\/\/ama-rentacar.ro\/#website\"},\"datePublished\":\"2021-08-16T11:16:16+00:00\",\"dateModified\":\"2024-01-24T10:25:14+00:00\",\"description\":\"Cookie-urile sunt mici buc\u0103\u0163ele de date stocate \u00een fi\u015fiere text care sunt salvate pe calculatorul dumneavoastr\u0103 sau pe alte dispozitive .\",\"breadcrumb\":{\"@id\":\"https:\/\/ama-rentacar.ro\/politica-de-confidentialitate\/politica-cookie\/#breadcrumb\"},\"inLanguage\":\"en-GB\",\"potentialAction\":[{\"@type\":\"ReadAction\",\"target\":[\"https:\/\/ama-rentacar.ro\/politica-de-confidentialitate\/politica-cookie\/\"]}]},{\"@type\":\"BreadcrumbList\",\"@id\":\"https:\/\/ama-rentacar.ro\/politica-de-confidentialitate\/politica-cookie\/#breadcrumb\",\"itemListElement\":[{\"@type\":\"ListItem\",\"position\":1,\"name\":\"Prima pagin\u0103\",\"item\":\"https:\/\/ama-rentacar.ro\/\"},{\"@type\":\"ListItem\",\"position\":2,\"name\":\"Politic\u0103 de confiden\u021bialitate\",\"item\":\"https:\/\/ama-rentacar.ro\/politica-de-confidentialitate\/\"},{\"@type\":\"ListItem\",\"position\":3,\"name\":\"Politica Cookie\"}]},{\"@type\":\"WebSite\",\"@id\":\"https:\/\/ama-rentacar.ro\/#website\",\"url\":\"https:\/\/ama-rentacar.ro\/\",\"name\":\"Inchirieri auto | Rent a car | Car rental\",\"description\":\"\",\"publisher\":{\"@id\":\"https:\/\/ama-rentacar.ro\/#organization\"},\"potentialAction\":[{\"@type\":\"SearchAction\",\"target\":{\"@type\":\"EntryPoint\",\"urlTemplate\":\"https:\/\/ama-rentacar.ro\/?s={search_term_string}\"},\"query-input\":{\"@type\":\"PropertyValueSpecification\",\"valueRequired\":true,\"valueName\":\"search_term_string\"}}],\"inLanguage\":\"en-GB\"},{\"@type\":\"Organization\",\"@id\":\"https:\/\/ama-rentacar.ro\/#organization\",\"name\":\"AMA Rent a Car\",\"url\":\"https:\/\/ama-rentacar.ro\/\",\"logo\":{\"@type\":\"ImageObject\",\"inLanguage\":\"en-GB\",\"@id\":\"https:\/\/ama-rentacar.ro\/#\/schema\/logo\/image\/\",\"url\":\"https:\/\/ama-rentacar.ro\/wp-content\/uploads\/2021\/08\/logo_ama_rental.png\",\"contentUrl\":\"https:\/\/ama-rentacar.ro\/wp-content\/uploads\/2021\/08\/logo_ama_rental.png\",\"width\":562,\"height\":210,\"caption\":\"AMA Rent a Car\"},\"image\":{\"@id\":\"https:\/\/ama-rentacar.ro\/#\/schema\/logo\/image\/\"},\"sameAs\":[\"https:\/\/www.facebook.com\/AmaAutoRent\/\"]}]}<\/script>\n<!-- \/ Yoast SEO Premium plugin. -->","yoast_head_json":{"title":"Politica Cookie - Inchirieri masini | Rent a car | Car rental","description":"Cookie-urile sunt mici buc\u0103\u0163ele de date stocate \u00een fi\u015fiere text care sunt salvate pe calculatorul dumneavoastr\u0103 sau pe alte dispozitive .","robots":{"index":"index","follow":"follow","max-snippet":"max-snippet:-1","max-image-preview":"max-image-preview:large","max-video-preview":"max-video-preview:-1"},"canonical":"https:\/\/ama-rentacar.ro\/en\/politica-de-confidentialitate\/politica-cookie\/","og_locale":"en_GB","og_type":"article","og_title":"Politica Cookie","og_description":"Cookie-urile sunt mici buc\u0103\u0163ele de date stocate \u00een fi\u015fiere text care sunt salvate pe calculatorul dumneavoastr\u0103 sau pe alte dispozitive .","og_url":"https:\/\/ama-rentacar.ro\/en\/politica-de-confidentialitate\/politica-cookie\/","og_site_name":"Inchirieri masini | Rent a car | Car rental","article_publisher":"https:\/\/www.facebook.com\/AmaAutoRent\/","article_modified_time":"2024-01-24T10:25:14+00:00","twitter_card":"summary_large_image","twitter_misc":{"Estimated reading time":"4 minutes"},"schema":{"@context":"https:\/\/schema.org","@graph":[{"@type":"WebPage","@id":"https:\/\/ama-rentacar.ro\/politica-de-confidentialitate\/politica-cookie\/","url":"https:\/\/ama-rentacar.ro\/politica-de-confidentialitate\/politica-cookie\/","name":"Politica Cookie - Inchirieri masini | Rent a car | Car rental","isPartOf":{"@id":"https:\/\/ama-rentacar.ro\/#website"},"datePublished":"2021-08-16T11:16:16+00:00","dateModified":"2024-01-24T10:25:14+00:00","description":"Cookie-urile sunt mici buc\u0103\u0163ele de date stocate \u00een fi\u015fiere text care sunt salvate pe calculatorul dumneavoastr\u0103 sau pe alte dispozitive .","breadcrumb":{"@id":"https:\/\/ama-rentacar.ro\/politica-de-confidentialitate\/politica-cookie\/#breadcrumb"},"inLanguage":"en-GB","potentialAction":[{"@type":"ReadAction","target":["https:\/\/ama-rentacar.ro\/politica-de-confidentialitate\/politica-cookie\/"]}]},{"@type":"BreadcrumbList","@id":"https:\/\/ama-rentacar.ro\/politica-de-confidentialitate\/politica-cookie\/#breadcrumb","itemListElement":[{"@type":"ListItem","position":1,"name":"Prima pagin\u0103","item":"https:\/\/ama-rentacar.ro\/"},{"@type":"ListItem","position":2,"name":"Politic\u0103 de confiden\u021bialitate","item":"https:\/\/ama-rentacar.ro\/politica-de-confidentialitate\/"},{"@type":"ListItem","position":3,"name":"Politica Cookie"}]},{"@type":"WebSite","@id":"https:\/\/ama-rentacar.ro\/#website","url":"https:\/\/ama-rentacar.ro\/","name":"Inchirieri auto | Rent a car | Car rental","description":"","publisher":{"@id":"https:\/\/ama-rentacar.ro\/#organization"},"potentialAction":[{"@type":"SearchAction","target":{"@type":"EntryPoint","urlTemplate":"https:\/\/ama-rentacar.ro\/?s={search_term_string}"},"query-input":{"@type":"PropertyValueSpecification","valueRequired":true,"valueName":"search_term_string"}}],"inLanguage":"en-GB"},{"@type":"Organization","@id":"https:\/\/ama-rentacar.ro\/#organization","name":"AMA Rent a Car","url":"https:\/\/ama-rentacar.ro\/","logo":{"@type":"ImageObject","inLanguage":"en-GB","@id":"https:\/\/ama-rentacar.ro\/#\/schema\/logo\/image\/","url":"https:\/\/ama-rentacar.ro\/wp-content\/uploads\/2021\/08\/logo_ama_rental.png","contentUrl":"https:\/\/ama-rentacar.ro\/wp-content\/uploads\/2021\/08\/logo_ama_rental.png","width":562,"height":210,"caption":"AMA Rent a Car"},"image":{"@id":"https:\/\/ama-rentacar.ro\/#\/schema\/logo\/image\/"},"sameAs":["https:\/\/www.facebook.com\/AmaAutoRent\/"]}]}},"_links":{"self":[{"href":"https:\/\/ama-rentacar.ro\/en\/wp-json\/wp\/v2\/pages\/66","targetHints":{"allow":["GET"]}}],"collection":[{"href":"https:\/\/ama-rentacar.ro\/en\/wp-json\/wp\/v2\/pages"}],"about":[{"href":"https:\/\/ama-rentacar.ro\/en\/wp-json\/wp\/v2\/types\/page"}],"author":[{"embeddable":true,"href":"https:\/\/ama-rentacar.ro\/en\/wp-json\/wp\/v2\/users\/1"}],"replies":[{"embeddable":true,"href":"https:\/\/ama-rentacar.ro\/en\/wp-json\/wp\/v2\/comments?post=66"}],"version-history":[{"count":8,"href":"https:\/\/ama-rentacar.ro\/en\/wp-json\/wp\/v2\/pages\/66\/revisions"}],"predecessor-version":[{"id":728,"href":"https:\/\/ama-rentacar.ro\/en\/wp-json\/wp\/v2\/pages\/66\/revisions\/728"}],"up":[{"embeddable":true,"href":"https:\/\/ama-rentacar.ro\/en\/wp-json\/wp\/v2\/pages\/3"}],"wp:attachment":[{"href":"https:\/\/ama-rentacar.ro\/en\/wp-json\/wp\/v2\/media?parent=66"}],"curies":[{"name":"wp","href":"https:\/\/api.w.org\/{rel}","templated":true}]}}